{"id":31,"date":"2014-03-02T02:36:27","date_gmt":"2014-03-02T02:36:27","guid":{"rendered":"http:\/\/world.350.org\/colorado\/?page_id=31"},"modified":"2025-12-11T01:33:54","modified_gmt":"2025-12-11T08:33:54","slug":"home","status":"publish","type":"page","link":"https:\/\/boulder.earth\/es\/","title":{"rendered":"Portal de acci\u00f3n clim\u00e1tica de Boulder Earth"},"content":{"rendered":"<style type=\"text\/css\" data-created_by=\"avia_inline_auto\" id=\"style-css-av-8ojpz-e0575a4483e099997eababb155649a4f\">\n.avia-section.av-8ojpz-e0575a4483e099997eababb155649a4f .av-parallax .av-parallax-inner{\nbackground-repeat:no-repeat;\nbackground-image:url(https:\/\/boulder.earth\/wp-content\/uploads\/2017\/06\/field-flatirons-moon.jpg);\nbackground-position:50% 100%;\nbackground-attachment:scroll;\n}\n<\/style>\n<div id='av_section_1'  class='avia-section av-8ojpz-e0575a4483e099997eababb155649a4f main_color avia-section-default avia-no-shadow  avia-builder-el-0  el_before_av_one_third  avia-builder-el-first  avia-full-stretch av-parallax-section avia-bg-style-parallax av-minimum-height av-minimum-height-50 av-height-50  container_wrap sidebar_right'  data-section-bg-repeat='stretch' data-av_minimum_height_pc='50' data-av_min_height_opt='50'><div class='av-parallax' data-avia-parallax-ratio='0.3' ><div class='av-parallax-inner main_color avia-full-stretch'><\/div><\/div><div class='container av-section-cont-open' ><main  role=\"main\" itemprop=\"mainContentOfPage\"  class='template-page content  av-content-small alpha units'><div class='post-entry post-entry-type-page post-entry-31'><div class='entry-content-wrapper clearfix'>\n\n<style type=\"text\/css\" data-created_by=\"avia_inline_auto\" id=\"style-css-av-7u31f-7a31eeba69349901f9e6a472f2ad61de\">\n#top .av_textblock_section.av-7u31f-7a31eeba69349901f9e6a472f2ad61de .avia_textblock{\ncolor:#ffffff;\n}\n<\/style>\n<section  class='av_textblock_section av-7u31f-7a31eeba69349901f9e6a472f2ad61de'   itemscope=\"itemscope\" itemtype=\"https:\/\/schema.org\/CreativeWork\" ><div class='avia_textblock av_inherit_color'  itemprop=\"text\" ><h1 id=\"yui_3_17_2_1_1500385030949_1101\" class=\"text-align-center\" style=\"text-align: center;\">CONECTANDO PARA EL IMPACTO COLECTIVO<\/h1>\n<h1 class=\"text-align-center\" style=\"text-align: center;\">ALREDEDOR DE LA JUSTICIA CLIM\u00c1TICA EN EL CONDADO DE BOULDER<\/h1>\n<\/div><\/section>\n<\/div><\/div><\/main><!-- close content main element --><\/div><\/div><div id='after_section_1'  class='main_color av_default_container_wrap container_wrap sidebar_right'  ><div class='container av-section-cont-open' ><div class='template-page content  av-content-small alpha units'><div class='post-entry post-entry-type-page post-entry-31'><div class='entry-content-wrapper clearfix'>\n\n<style type=\"text\/css\" data-created_by=\"avia_inline_auto\" id=\"style-css-av-15r4r7-7392fb39127580cfd1df733d5253520a\">\n.flex_column.av-15r4r7-7392fb39127580cfd1df733d5253520a{\nborder-radius:0px 0px 0px 0px;\npadding:0px 0px 0px 0px;\n}\n<\/style>\n<div  class='flex_column av-15r4r7-7392fb39127580cfd1df733d5253520a av_one_third  avia-builder-el-2  el_after_av_section  el_before_av_one_third  avia-builder-el-first  first flex_column_div av-zero-column-padding'     ><p><section  class='av_textblock_section av-155k7n-212d8dd76974e69b6e48ec56fe2dbe5d'   itemscope=\"itemscope\" itemtype=\"https:\/\/schema.org\/CreativeWork\" ><div class='avia_textblock'  itemprop=\"text\" ><div class=\"eds-animate\" data-eds-entry-animation=\"bounce\" data-eds-entry-delay=\"0.5\" data-eds-entry-duration=\"2\" data-eds-entry-timing=\"linear\" data-eds-exit-animation=\"\" data-eds-exit-delay=\"\" data-eds-exit-duration=\"\" data-eds-exit-timing=\"\" data-eds-repeat-count=\"1\" data-eds-keep=\"yes\" data-eds-animate-on=\"load\" data-eds-scroll-offset=\"\">\n<p><img loading=\"lazy\" decoding=\"async\" class=\"aligncenter wp-image-157241 size-full\" src=\"https:\/\/boulder.earth\/wp-content\/uploads\/2019\/10\/organizations-icon.png\" alt=\"\" width=\"150\" height=\"151\" srcset=\"https:\/\/boulder.earth\/wp-content\/uploads\/2019\/10\/organizations-icon.png 150w, https:\/\/boulder.earth\/wp-content\/uploads\/2019\/10\/organizations-icon-80x80.png 80w, https:\/\/boulder.earth\/wp-content\/uploads\/2019\/10\/organizations-icon-36x36.png 36w, https:\/\/boulder.earth\/wp-content\/uploads\/2019\/10\/organizations-icon-120x120.png 120w\" sizes=\"auto, (max-width: 150px) 100vw, 150px\" \/><\/p>\n<\/div>\n<\/div><\/section><br \/>\n<div  class='avia-button-wrap avia-button-center  avia-builder-el-4  el_after_av_textblock  avia-builder-el-last'>\n<style type=\"text\/css\" data-created_by=\"avia_inline_auto\" id=\"style-css-av-14o41r-dd2973396bab32b3700f55dd4e520157\">\n#top #wrap_all .avia-button.av-14o41r-dd2973396bab32b3700f55dd4e520157:hover{\nbackground-color:#004ad6;\ncolor:#ffffff;\ntransition:all 0.4s ease-in-out;\n}\n#top #wrap_all .avia-button.av-14o41r-dd2973396bab32b3700f55dd4e520157:hover .avia-svg-icon svg:first-child{\nfill:#ffffff;\nstroke:#ffffff;\n}\n<\/style>\n<a href='https:\/\/boulder.earth\/es\/directory\/' class='avia-color-theme-color avia-font-color-theme-color avia-button avia-button-fullwidth av-14o41r-dd2973396bab32b3700f55dd4e520157 avia-icon_select-no avia-color-theme-color'   aria-label=\"Directorio\"><span class='avia_iconbox_title' >Directorio<\/span><div class='av-button-description av-button-description-below'><p>de organizaciones<\/p>\n<\/div><\/a><\/div><\/p><\/div>\n\n<style type=\"text\/css\" data-created_by=\"avia_inline_auto\" id=\"style-css-av-17m4y3-e728a294899e3ccaf77676a44f0a1c9f\">\n.flex_column.av-17m4y3-e728a294899e3ccaf77676a44f0a1c9f{\nborder-radius:0px 0px 0px 0px;\npadding:0px 0px 0px 0px;\n}\n<\/style>\n<div  class='flex_column av-17m4y3-e728a294899e3ccaf77676a44f0a1c9f av_one_third  avia-builder-el-5  el_after_av_one_third  el_before_av_one_third  flex_column_div av-zero-column-padding'     ><p><section  class='av_textblock_section av-4bxg7-7b5443602631ca3cf025d408e3ce91b5'   itemscope=\"itemscope\" itemtype=\"https:\/\/schema.org\/CreativeWork\" ><div class='avia_textblock'  itemprop=\"text\" ><div class=\"eds-animate\" data-eds-entry-animation=\"flip\" data-eds-entry-delay=\"0.5\" data-eds-entry-duration=\"1\" data-eds-entry-timing=\"linear\" data-eds-exit-animation=\"\" data-eds-exit-delay=\"\" data-eds-exit-duration=\"\" data-eds-exit-timing=\"\" data-eds-repeat-count=\"1\" data-eds-keep=\"yes\" data-eds-animate-on=\"load\" data-eds-scroll-offset=\"\">\n<p><img loading=\"lazy\" decoding=\"async\" class=\"aligncenter wp-image-157240 size-full\" src=\"https:\/\/boulder.earth\/wp-content\/uploads\/2019\/10\/community-calendar-icon.png\" alt=\"\" width=\"150\" height=\"151\" srcset=\"https:\/\/boulder.earth\/wp-content\/uploads\/2019\/10\/community-calendar-icon.png 150w, https:\/\/boulder.earth\/wp-content\/uploads\/2019\/10\/community-calendar-icon-80x80.png 80w, https:\/\/boulder.earth\/wp-content\/uploads\/2019\/10\/community-calendar-icon-36x36.png 36w, https:\/\/boulder.earth\/wp-content\/uploads\/2019\/10\/community-calendar-icon-120x120.png 120w\" sizes=\"auto, (max-width: 150px) 100vw, 150px\" \/><\/p>\n<\/div>\n<\/div><\/section><br \/>\n<div  class='avia-button-wrap avia-button-center  avia-builder-el-7  el_after_av_textblock  avia-builder-el-last'>\n<style type=\"text\/css\" data-created_by=\"avia_inline_auto\" id=\"style-css-av-16dxa3-437b6b8d491c4646f3216c199088f7f3\">\n#top #wrap_all .avia-button.av-16dxa3-437b6b8d491c4646f3216c199088f7f3:hover{\nbackground-color:#004ad6;\ncolor:#ffffff;\ntransition:all 0.4s ease-in-out;\n}\n#top #wrap_all .avia-button.av-16dxa3-437b6b8d491c4646f3216c199088f7f3:hover .avia-svg-icon svg:first-child{\nfill:#ffffff;\nstroke:#ffffff;\n}\n<\/style>\n<a href='\/es\/calendar\/' class='avia-color-theme-color avia-font-color-theme-color avia-button avia-button-fullwidth av-16dxa3-437b6b8d491c4646f3216c199088f7f3 avia-icon_select-no avia-color-theme-color'   aria-label=\"Calendario\"><span class='avia_iconbox_title' >Calendario<\/span><div class='av-button-description av-button-description-below'><p>de eventos locales<\/p>\n<\/div><\/a><\/div><\/p><\/div>\n\n<style type=\"text\/css\" data-created_by=\"avia_inline_auto\" id=\"style-css-av-19drlz-f003e42e4f617b7a11c967a6ef593bc4\">\n.flex_column.av-19drlz-f003e42e4f617b7a11c967a6ef593bc4{\nborder-radius:0px 0px 0px 0px;\npadding:0px 0px 0px 0px;\n}\n<\/style>\n<div  class='flex_column av-19drlz-f003e42e4f617b7a11c967a6ef593bc4 av_one_third  avia-builder-el-8  el_after_av_one_third  el_before_av_hr  flex_column_div av-zero-column-padding'     ><p><section  class='av_textblock_section av-4h40v-e86d579799f47cb6c26bf998851200ea'   itemscope=\"itemscope\" itemtype=\"https:\/\/schema.org\/CreativeWork\" ><div class='avia_textblock'  itemprop=\"text\" ><div class=\"eds-animate\" data-eds-entry-animation=\"spinner\" data-eds-entry-delay=\"0\" data-eds-entry-duration=\"2\" data-eds-entry-timing=\"linear\" data-eds-exit-animation=\"\" data-eds-exit-delay=\"\" data-eds-exit-duration=\"\" data-eds-exit-timing=\"\" data-eds-repeat-count=\"1\" data-eds-keep=\"yes\" data-eds-animate-on=\"load\" data-eds-scroll-offset=\"\">\n<p><img loading=\"lazy\" decoding=\"async\" class=\"aligncenter wp-image-157239 size-full\" src=\"https:\/\/boulder.earth\/wp-content\/uploads\/2019\/10\/actions-for-impact-icon.png\" alt=\"\" width=\"150\" height=\"151\" srcset=\"https:\/\/boulder.earth\/wp-content\/uploads\/2019\/10\/actions-for-impact-icon.png 150w, https:\/\/boulder.earth\/wp-content\/uploads\/2019\/10\/actions-for-impact-icon-80x80.png 80w, https:\/\/boulder.earth\/wp-content\/uploads\/2019\/10\/actions-for-impact-icon-36x36.png 36w, https:\/\/boulder.earth\/wp-content\/uploads\/2019\/10\/actions-for-impact-icon-120x120.png 120w\" sizes=\"auto, (max-width: 150px) 100vw, 150px\" \/><\/p>\n<\/div>\n<\/div><\/section><br \/>\n<div  class='avia-button-wrap avia-button-center  avia-builder-el-10  el_after_av_textblock  avia-builder-el-last'>\n<style type=\"text\/css\" data-created_by=\"avia_inline_auto\" id=\"style-css-av-18a72n-ca62ad9a8428d88dd7687f75a04e1d4e\">\n#top #wrap_all .avia-button.av-18a72n-ca62ad9a8428d88dd7687f75a04e1d4e:hover{\nbackground-color:#004ad6;\ncolor:#ffffff;\ntransition:all 0.4s ease-in-out;\n}\n#top #wrap_all .avia-button.av-18a72n-ca62ad9a8428d88dd7687f75a04e1d4e:hover .avia-svg-icon svg:first-child{\nfill:#ffffff;\nstroke:#ffffff;\n}\n<\/style>\n<a href='https:\/\/boulder.earth\/es\/actions-for-impact\/' class='avia-color-theme-color avia-font-color-theme-color avia-button avia-button-fullwidth av-18a72n-ca62ad9a8428d88dd7687f75a04e1d4e avia-icon_select-no avia-color-theme-color'   aria-label=\"Acciones de Impacto\"><span class='avia_iconbox_title' >Acciones de Impacto<\/span><div class='av-button-description av-button-description-below'><p>formas en que puedes ayudar<\/p>\n<\/div><\/a><\/div><\/p><\/div>\n\n<style type=\"text\/css\" data-created_by=\"avia_inline_auto\" id=\"style-css-av-jnnfewhm-fdf2c63c573917deef67ac927369e120\">\n#top .hr.hr-invisible.av-jnnfewhm-fdf2c63c573917deef67ac927369e120{\nheight:60px;\n}\n<\/style>\n<div  class='hr av-jnnfewhm-fdf2c63c573917deef67ac927369e120 hr-invisible  avia-builder-el-11  el_after_av_one_third  el_before_av_one_half'><span class='hr-inner'><span class=\"hr-inner-style\"><\/span><\/span><\/div>\n<div class='flex_column_table av-uu4r-c3be95004707bd5481072ae28e447a0c sc-av_one_half av-equal-height-column-flextable'>\n<style type=\"text\/css\" data-created_by=\"avia_inline_auto\" id=\"style-css-av-uu4r-c3be95004707bd5481072ae28e447a0c\">\n.flex_column.av-uu4r-c3be95004707bd5481072ae28e447a0c{\nborder-radius:0px 0px 0px 0px;\npadding:0px 0px 0px 0px;\n}\n<\/style>\n<div  class='flex_column av-uu4r-c3be95004707bd5481072ae28e447a0c av_one_half  avia-builder-el-12  el_after_av_hr  el_before_av_one_half  first flex_column_table_cell av-equal-height-column av-align-middle av-zero-column-padding'     ><p>\n<style type=\"text\/css\" data-created_by=\"avia_inline_auto\" id=\"style-css-av-l12eetsl-e0c7a8cd4e012255351b588dd55218df\">\n.avia-image-container.av-l12eetsl-e0c7a8cd4e012255351b588dd55218df img.avia_image{\nbox-shadow:none;\n}\n.avia-image-container.av-l12eetsl-e0c7a8cd4e012255351b588dd55218df .av-image-caption-overlay-center{\ncolor:#ffffff;\n}\n<\/style>\n<div  class='avia-image-container av-l12eetsl-e0c7a8cd4e012255351b588dd55218df av-styling- av-img-linked avia-align-center  avia-builder-el-13  el_before_av_textblock  avia-builder-el-first'   itemprop=\"image\" itemscope=\"itemscope\" itemtype=\"https:\/\/schema.org\/ImageObject\" ><div class=\"avia-image-container-inner\"><div class=\"avia-image-overlay-wrap\"><a href=\"https:\/\/boulder.earth\/es\/about\/\" class='avia_image'  aria-label='colmena-logo-4'><img decoding=\"async\" fetchpriority=\"high\" class='wp-image-5477136 avia-img-lazy-loading-not-5477136 avia_image' src=\"https:\/\/boulder.earth\/wp-content\/uploads\/2022\/03\/hive-logo-4.jpg\" alt='' title='colmena-logo-4'  height=\"210\" width=\"600\"  itemprop=\"thumbnailUrl\" srcset=\"https:\/\/boulder.earth\/wp-content\/uploads\/2022\/03\/hive-logo-4.jpg 600w, https:\/\/boulder.earth\/wp-content\/uploads\/2022\/03\/hive-logo-4-300x105.jpg 300w\" sizes=\"(max-width: 600px) 100vw, 600px\" \/><\/a><\/div><\/div><\/div><br \/>\n<section  class='av_textblock_section av-l12er31b-4fad86c34b47745dcd53425b25868244'   itemscope=\"itemscope\" itemtype=\"https:\/\/schema.org\/CreativeWork\" ><div class='avia_textblock'  itemprop=\"text\" ><div class=\"page\" title=\"P\u00e1gina 3\">\n<div class=\"section\">\n<div class=\"layoutArea\">\n<div class=\"column\">\n<p>\u00c9l <strong>Hive de Justicia de Clim\u00e1tica del condado de Boulder<\/strong> se compromete a desarrollar mejores herramientas de organizaci\u00f3n comunitaria y tecnolog\u00eda en l\u00ednea para trabajar a trav\u00e9s de las fronteras y fomentar asociaciones m\u00e1s s\u00f3lidas, cambiar los sistemas y nuestra relaci\u00f3n entre nosotros y con la tierra.<\/p>\n<p style=\"text-align: left;\">Colaborando y trabajando en conjunto, nuestro potencial es mucho mayor que la suma de las partes. Para que esto suceda, es necesaria la coordinaci\u00f3n y una clara visi\u00f3n compartida. Estos son los objetivos de la Colmena de Justicia Clim\u00e1tica de BoCo. <a href=\"https:\/\/boulder.earth\/es\/about\/\">Aprenda m\u00e1s acerca de nosotros<\/a>.<\/p>\n<\/div>\n<\/div>\n<\/div>\n<\/div>\n<\/div><\/section><\/p><\/div>\n<div class='av-flex-placeholder'><\/div>\n<style type=\"text\/css\" data-created_by=\"avia_inline_auto\" id=\"style-css-av-197hr-b48de6b212611db3030d2f933158a122\">\n.flex_column.av-197hr-b48de6b212611db3030d2f933158a122{\nborder-radius:0px 0px 0px 0px;\npadding:0px 0px 0px 0px;\n}\n<\/style>\n<div  class='flex_column av-197hr-b48de6b212611db3030d2f933158a122 av_one_half  avia-builder-el-15  el_after_av_one_half  el_before_av_section  avia-builder-el-last  flex_column_table_cell av-equal-height-column av-align-middle av-zero-column-padding'     ><section  class='av_textblock_section av-12ye23-9f2f9cd0ebe1ae14070639723cc1ba84'   itemscope=\"itemscope\" itemtype=\"https:\/\/schema.org\/CreativeWork\" ><div class='avia_textblock av_inherit_color'  itemprop=\"text\" ><h3 style=\"text-align: center;\">Este sitio web din\u00e1mico y de base fue creado para que la comunidad fomente la conciencia, la colaboraci\u00f3n y la conectividad para un mayor impacto en la justicia clim\u00e1tica en el condado de Boulder, Colorado.<\/h3>\n<\/div><\/section><br \/>\n<section  class='av_textblock_section av-kycayt2f-9db6bbd72cf258a7f7a91e112a48ae8d'   itemscope=\"itemscope\" itemtype=\"https:\/\/schema.org\/CreativeWork\" ><div class='avia_textblock'  itemprop=\"text\" ><ul>\n<li style=\"list-style-type: none;\">\n<ul>\n<li><b>El sitio web<\/b> presenta un s\u00f3lido calendario comunitario, un directorio de organizaciones locales de clima, cultura y justicia social, y una extensa lista de acciones para tomar localmente.<\/li>\n<li><b>Nuestra meta<\/b> es ayudar a la comunidad a tomar medidas sobre el clima, aprender m\u00e1s sobre el abundante trabajo de justicia social y ecol\u00f3gica que ya est\u00e1 en marcha y empujar el dial hacia el logro de nuestros objetivos clim\u00e1ticos y de sostenibilidad.<\/li>\n<\/ul>\n<\/li>\n<\/ul>\n<\/div><\/section><\/p><\/div><\/div><!--close column table wrapper. Autoclose: 1 -->\n<\/div><\/div><\/div><!-- close content main div --><\/div><\/div>\n<style type=\"text\/css\" data-created_by=\"avia_inline_auto\" id=\"style-css-av-7e5cn-8e81182c700c9c51df62a11052ae6caf\">\n.avia-section.av-7e5cn-8e81182c700c9c51df62a11052ae6caf{\nbackground-repeat:no-repeat;\nbackground-image:url(https:\/\/boulder.earth\/wp-content\/uploads\/2017\/06\/wonderland-lake.jpg);\nbackground-position:50% 100%;\nbackground-attachment:fixed;\n}\n.avia-section.av-7e5cn-8e81182c700c9c51df62a11052ae6caf .av-section-color-overlay{\nopacity:0.8;\nbackground-color:#ffffff;\nbackground-image:url(https:\/\/boulder.earth\/wp-content\/themes\/enfold\/images\/background-images\/dots-for-dark-background.png);\nbackground-repeat:repeat;\n}\n<\/style>\n<div id='av_section_2'  class='avia-section av-7e5cn-8e81182c700c9c51df62a11052ae6caf main_color avia-section-default avia-no-shadow  avia-builder-el-18  el_after_av_one_half  avia-builder-el-last  avia-full-stretch avia-bg-style-fixed av-section-color-overlay-active av-minimum-height av-minimum-height-50 av-height-50  container_wrap sidebar_right'  data-section-bg-repeat='stretch' data-av_minimum_height_pc='50' data-av_min_height_opt='50'><div class=\"av-section-color-overlay-wrap\"><div class=\"av-section-color-overlay\"><\/div><div class='container av-section-cont-open' ><div class='template-page content  av-content-small alpha units'><div class='post-entry post-entry-type-page post-entry-31'><div class='entry-content-wrapper clearfix'>\n<div class='flex_column_table av-6mzsz-4ab9de5a1db1f14c25c9823c68e09b69 sc-av_one_half av-equal-height-column-flextable'>\n<style type=\"text\/css\" data-created_by=\"avia_inline_auto\" id=\"style-css-av-6mzsz-4ab9de5a1db1f14c25c9823c68e09b69\">\n.flex_column.av-6mzsz-4ab9de5a1db1f14c25c9823c68e09b69{\nborder-radius:0px 0px 0px 0px;\npadding:0px 0px 0px 0px;\n}\n<\/style>\n<div  class='flex_column av-6mzsz-4ab9de5a1db1f14c25c9823c68e09b69 av_one_half  avia-builder-el-19  el_before_av_one_half  avia-builder-el-first  first flex_column_table_cell av-equal-height-column av-align-middle av-zero-column-padding'     ><style type=\"text\/css\" data-created_by=\"avia_inline_auto\" id=\"style-css-av-2bz3-b7853635c2c6230151f4ec32a2e7e252\">\n.avia-image-container.av-2bz3-b7853635c2c6230151f4ec32a2e7e252 img.avia_image{\nbox-shadow:none;\n}\n.avia-image-container.av-2bz3-b7853635c2c6230151f4ec32a2e7e252 .av-image-caption-overlay-center{\ncolor:#ffffff;\n}\n<\/style>\n<div  class='avia-image-container av-2bz3-b7853635c2c6230151f4ec32a2e7e252 av-styling- avia_animated_image av-animated-when-visible-95 fade-in avia-align-center  avia-builder-el-20  avia-builder-el-no-sibling'   itemprop=\"image\" itemscope=\"itemscope\" itemtype=\"https:\/\/schema.org\/ImageObject\" ><div class=\"avia-image-container-inner\"><div class=\"avia-image-overlay-wrap\"><img decoding=\"async\" fetchpriority=\"high\" class='wp-image-157243 avia-img-lazy-loading-not-157243 avia_image' src=\"https:\/\/boulder.earth\/wp-content\/uploads\/2019\/10\/Connecting4impact.png\" alt='CONNECTING FOR COLLECTIVE IMPACTAROUND CLIMATE ACTION IN BOULDER, CO' title='Conectando4impacto'  height=\"353\" width=\"504\"  itemprop=\"thumbnailUrl\" srcset=\"https:\/\/boulder.earth\/wp-content\/uploads\/2019\/10\/Connecting4impact.png 504w, https:\/\/boulder.earth\/wp-content\/uploads\/2019\/10\/Connecting4impact-300x210.png 300w, https:\/\/boulder.earth\/wp-content\/uploads\/2019\/10\/Connecting4impact-450x315.png 450w\" sizes=\"(max-width: 504px) 100vw, 504px\" \/><\/div><\/div><\/div><\/div><div class='av-flex-placeholder'><\/div>\n<style type=\"text\/css\" data-created_by=\"avia_inline_auto\" id=\"style-css-av-5imn3-35501f63addb0b44be7283b518e72d9c\">\n.flex_column.av-5imn3-35501f63addb0b44be7283b518e72d9c{\nborder-radius:0px 0px 0px 0px;\npadding:0px 0px 0px 0px;\n}\n<\/style>\n<div  class='flex_column av-5imn3-35501f63addb0b44be7283b518e72d9c av_one_half  avia-builder-el-21  el_after_av_one_half  avia-builder-el-last  flex_column_table_cell av-equal-height-column av-align-middle av-zero-column-padding'     ><p><div  class='avia-button-wrap av-833nj-548cbb59dcf8fe0ec428a2b3729168ff-wrap avia-button-center  avia-builder-el-22  el_before_av_hr  avia-builder-el-first'><a href='https:\/\/boulder.earth\/es\/about\/'  class='avia-button av-833nj-548cbb59dcf8fe0ec428a2b3729168ff av-link-btn avia-icon_select-no avia-size-x-large avia-position-center avia-color-theme-color'   aria-label=\"Acerca de nuestro equipo\"><span class='avia_iconbox_title' >Acerca de nuestro equipo<\/span><\/a><\/div><br \/>\n\n<style type=\"text\/css\" data-created_by=\"avia_inline_auto\" id=\"style-css-av-kyc9twus-ecd3d3780616c1397124db84e5d3f0c6\">\n#top .hr.hr-invisible.av-kyc9twus-ecd3d3780616c1397124db84e5d3f0c6{\nheight:40px;\n}\n<\/style>\n<div  class='hr av-kyc9twus-ecd3d3780616c1397124db84e5d3f0c6 hr-invisible  avia-builder-el-23  el_after_av_button  el_before_av_button'><span class='hr-inner'><span class=\"hr-inner-style\"><\/span><\/span><\/div><br \/>\n<div  class='avia-button-wrap av-833nj-1-d18bb5092b93c37401a60cf2bd723ecb-wrap avia-button-center  avia-builder-el-24  el_after_av_hr  avia-builder-el-last'><a href='https:\/\/boulder.earth\/es\/about\/contact-us\/'  class='avia-button av-833nj-1-d18bb5092b93c37401a60cf2bd723ecb av-link-btn avia-icon_select-no avia-size-x-large avia-position-center avia-color-theme-color'   aria-label=\"Cont\u00e1ctenos\"><span class='avia_iconbox_title' >Cont\u00e1ctenos<\/span><\/a><\/div><\/p><\/div><\/div><!--close column table wrapper. Autoclose: 1 -->\n<\/div><\/div><\/div><!-- close content main div --><\/div><\/div><\/div><div id='after_section_2'  class='main_color av_default_container_wrap container_wrap sidebar_right'  ><div class='container av-section-cont-open' ><div class='template-page content  av-content-small alpha units'><div class='post-entry post-entry-type-page post-entry-31'><div class='entry-content-wrapper clearfix'>","protected":false},"excerpt":{"rendered":"","protected":false},"author":20,"featured_media":0,"parent":0,"menu_order":0,"comment_status":"open","ping_status":"open","template":"","meta":{"footnotes":""},"class_list":["post-31","page","type-page","status-publish","hentry"],"_links":{"self":[{"href":"https:\/\/boulder.earth\/es\/wp-json\/wp\/v2\/pages\/31","targetHints":{"allow":["GET"]}}],"collection":[{"href":"https:\/\/boulder.earth\/es\/wp-json\/wp\/v2\/pages"}],"about":[{"href":"https:\/\/boulder.earth\/es\/wp-json\/wp\/v2\/types\/page"}],"author":[{"embeddable":true,"href":"https:\/\/boulder.earth\/es\/wp-json\/wp\/v2\/users\/20"}],"replies":[{"embeddable":true,"href":"https:\/\/boulder.earth\/es\/wp-json\/wp\/v2\/comments?post=31"}],"version-history":[{"count":367,"href":"https:\/\/boulder.earth\/es\/wp-json\/wp\/v2\/pages\/31\/revisions"}],"predecessor-version":[{"id":6466281,"href":"https:\/\/boulder.earth\/es\/wp-json\/wp\/v2\/pages\/31\/revisions\/6466281"}],"wp:attachment":[{"href":"https:\/\/boulder.earth\/es\/wp-json\/wp\/v2\/media?parent=31"}],"curies":[{"name":"wp","href":"https:\/\/api.w.org\/{rel}","templated":true}]}}